{"id":109,"date":"2015-07-10T11:48:53","date_gmt":"2015-07-10T11:48:53","guid":{"rendered":"http:\/\/www.mequipment.ro\/wordpress\/?page_id=109"},"modified":"2026-02-26T10:39:28","modified_gmt":"2026-02-26T08:39:28","slug":"contact","status":"publish","type":"page","link":"https:\/\/mequipment.ro\/en\/homepage-m-equipment\/contact\/","title":{"rendered":"Contact"},"content":{"rendered":"<p><img loading=\"lazy\" decoding=\"async\" src=\"https:\/\/mequipment.ro\/wp-content\/uploads\/2026\/02\/cropped-Logo-M_APP-512-identitate-site.png\" alt=\"Contact\" width=\"680\" height=\"680\" class=\"alignleft size-full wp-image-2327\" \/><\/p>\n<p><strong>Contact:<\/strong><br \/>\n<a href=\"http:\/\/www.mequipment.ro\" target=\"_blank\" rel=\"noopener noreferrer\"><br \/>\n<strong>M. EQUIPMENT MEDIA<\/strong><br \/>\nNews &#038; Media | Construction, Mining &#038; Forestry<\/p>\n<p><\/a><strong>Bucure\u0219ti, Rom\u00e2nia<\/strong><\/p>\n<p><strong>Marius IANCU<\/strong><br \/>\n<em>Managing Editor<\/em><br \/>\n<font color=\"darkorange\">marius.iancu[at]mequipment.ro<\/font><\/p>\n<p>Connect with us on social media:<br \/>\n<strong><a href=\"https:\/\/twitter.com\/MEqOfficial\" target=\"_blank\" rel=\"noopener noreferrer\"><font color=\"darkorange\">X<\/font><\/a><\/strong>, <strong><a href=\"https:\/\/www.instagram.com\/mequipmentofficial\/\" target=\"_blank\" rel=\"noopener noreferrer\"><font color=\"darkorange\">Instagram<\/font><\/a><\/strong>, <strong><a href=\"https:\/\/www.linkedin.com\/company\/m-equipment\" target=\"_blank\" rel=\"noopener noreferrer\"><font color=\"darkorange\">LinkedIn<\/font><\/a><\/strong>, <strong><a href=\"https:\/\/www.facebook.com\/M-Equipment-552663154847435\/timeline\/\" target=\"_blank\" rel=\"noopener noreferrer\"><font color=\"darkorange\">Facebook<\/font><\/a><\/strong>, <strong><a href=\"https:\/\/www.youtube.com\/channel\/UCf2OrMoKQCoHfc2CETKHBCA\/featured\" target=\"_blank\" rel=\"noopener noreferrer\"><font color=\"darkorange\">YouTube<\/font><\/a><\/strong>, and <strong><a href=\"https:\/\/www.pinterest.com\/mequipment0694\/\" target=\"_blank\" rel=\"noopener noreferrer\"><font color=\"darkorange\">Pinterest<\/font><\/a><\/strong><\/p>\n<p><strong>Bun venit pe www.mequipment.ro!<\/strong><br \/>\nCea mai exhaustiv\u0103 platform\u0103 media online din Rom\u00e2nia dedicat\u0103 <font color=\"darkorange\">utilajelor, echipamentelor, ma\u0219inilor &#038; tehnologiilor<\/font> din sectoare precum: construc\u021bii, forestier, camioane, logistic\u0103, minerit, industrie.<\/p>\n<p><strong>O platform\u0103 media cu \u0219i despre utilaje<\/strong><br \/>\n\u00cenfiin\u021bat \u00een 2015, www.mequipment.ro a avut ca for\u021b\u0103 motrice dorin\u021ba de a oferi <font color=\"darkorange\">informa\u021bie<\/font> actual\u0103 \u0219i <font color=\"darkorange\">de cea mai bun\u0103 calitate<\/font>. Am avut o direc\u021bie precis\u0103 \u0219i am muncit mai mult dec\u00e2t am anticipat. Ne-am asumat disponibilitatea pentru acest efort \u0219i am acceptat acest fapt.<\/p>\n<p>\u0218i pentru c\u0103 nu exist\u0103 succes peste noapte, am \u00een\u021beles c\u0103 sunt ni\u0219te <font color=\"darkorange\">etape<\/font> pe care trebuie s\u0103 le parcurgem. Oare le-am fi putut s\u0103ri pe unele dintre ele? Probabil, \u00eens\u0103 funda\u021bia pe care o avem acum, \u0219i pe care continu\u0103m s\u0103 construim, nu ar fi at\u00e2t de <font color=\"darkorange\">solid\u0103<\/font>. Mai mult, parcurgerea fiec\u0103rei etape ne-a ar\u0103tat c\u0103 procesul este unul de durat\u0103.\u00a0<\/p>\n<p><font color=\"darkorange\">Progresul<\/font>\u00a0\u00eenseamn\u0103 a continua s\u0103 mergi mai departe, iar\u00a0<font color=\"darkorange\">succesul<\/font>\u00a0este doar trecerea \u00eentr-o alt\u0103 etap\u0103. Ne-am setat rezultate pe termen lung \u0219i am investit \u00een procesul \u00een sine. Am \u0219tiut c\u0103 pentru a fi un <font color=\"darkorange\">hub media<\/font> cu informa\u021bie de top trebuie\u00a0s\u0103 fii pasionat\u00a0de con\u021binut, dar \u0219i de constantele care fac obiectul acestui website, \u0219i anume: utilajele, echipamentele, ma\u0219inile \u0219i tehnologia \u00een sine. Inspira\u021bia care a stat la baza acestei ac\u021biuni a n\u0103scut\u00a0angajament, a\u0219a c\u0103\u2026 mergem mai departe, pentru c\u0103 cei care caut\u0103 genul nostru de con\u021binut sunt tot mai mul\u021bi. <\/p>\n","protected":false},"excerpt":{"rendered":"<p>Contact: M. EQUIPMENT MEDIA News &#038; Media | Construction, Mining &#038; Forestry Bucure\u0219ti, Rom\u00e2nia Marius IANCU Managing Editor marius.iancu[at]mequipment.ro Connect with us on social media: X, Instagram, LinkedIn, Facebook, YouTube,<\/p>\n","protected":false},"author":1,"featured_media":0,"parent":37,"menu_order":0,"comment_status":"open","ping_status":"closed","template":"template-full-width.php","meta":{"_crdt_document":"","footnotes":""},"class_list":["post-109","page","type-page","status-publish","hentry"],"translation":{"provider":"WPGlobus","version":"3.0.2","language":"en","enabled_languages":["ro","en"],"languages":{"ro":{"title":true,"content":true,"excerpt":false},"en":{"title":false,"content":false,"excerpt":false}}},"yoast_head":"<!-- This site is optimized with the Yoast SEO plugin v27.3 - https:\/\/yoast.com\/product\/yoast-seo-wordpress\/ -->\n<title>Contact - M. Equipment | Latest News in Construction, Mining &amp; Forestry Industry<\/title>\n<meta name=\"robots\" content=\"index, follow, max-snippet:-1, max-image-preview:large, max-video-preview:-1\" \/>\n<link rel=\"canonical\" href=\"https:\/\/mequipment.ro\/homepage-m-equipment\/contact\/\" \/>\n<meta property=\"og:locale\" content=\"en_US\" \/>\n<meta property=\"og:type\" content=\"article\" \/>\n<meta property=\"og:title\" content=\"Contact - M. Equipment | Latest News in Construction, Mining &amp; Forestry Industry\" \/>\n<meta property=\"og:url\" content=\"https:\/\/mequipment.ro\/homepage-m-equipment\/contact\/\" \/>\n<meta property=\"og:site_name\" content=\"M. Equipment | Latest News in Construction, Mining &amp; Forestry Industry\" \/>\n<meta property=\"article:publisher\" content=\"https:\/\/www.facebook.com\/mequipment.ro\/\" \/>\n<meta property=\"article:modified_time\" content=\"2026-02-26T08:39:28+00:00\" \/>\n<meta name=\"twitter:card\" content=\"summary_large_image\" \/>\n<meta name=\"twitter:site\" content=\"@MEqOfficial\" \/>\n<meta name=\"twitter:label1\" content=\"Est. reading time\" \/>\n\t<meta name=\"twitter:data1\" content=\"2 minutes\" \/>\n<script type=\"application\/ld+json\" class=\"yoast-schema-graph\">{\"@context\":\"https:\\\/\\\/schema.org\",\"@graph\":[{\"@type\":\"WebPage\",\"@id\":\"https:\\\/\\\/mequipment.ro\\\/homepage-m-equipment\\\/contact\\\/\",\"url\":\"https:\\\/\\\/mequipment.ro\\\/homepage-m-equipment\\\/contact\\\/\",\"name\":\"Contact - M. Equipment | Latest News in Construction, Mining &amp; Forestry Industry\",\"isPartOf\":{\"@id\":\"https:\\\/\\\/mequipment.ro\\\/#website\"},\"primaryImageOfPage\":{\"@id\":\"https:\\\/\\\/mequipment.ro\\\/homepage-m-equipment\\\/contact\\\/#primaryimage\"},\"image\":{\"@id\":\"https:\\\/\\\/mequipment.ro\\\/homepage-m-equipment\\\/contact\\\/#primaryimage\"},\"thumbnailUrl\":\"https:\\\/\\\/mequipment.ro\\\/wp-content\\\/uploads\\\/2026\\\/02\\\/cropped-Logo-M_APP-512-identitate-site.png\",\"datePublished\":\"2015-07-10T11:48:53+00:00\",\"dateModified\":\"2026-02-26T08:39:28+00:00\",\"description\":\"Contact M Equipment | News & Media Website | Construction, Mining, Forestry, Logistics Solutions, Trucks and Technologies\",\"breadcrumb\":{\"@id\":\"https:\\\/\\\/mequipment.ro\\\/homepage-m-equipment\\\/contact\\\/#breadcrumb\"},\"inLanguage\":\"en-US\",\"potentialAction\":[{\"@type\":\"ReadAction\",\"target\":[\"https:\\\/\\\/mequipment.ro\\\/homepage-m-equipment\\\/contact\\\/\"]}]},{\"@type\":\"ImageObject\",\"inLanguage\":\"en-US\",\"@id\":\"https:\\\/\\\/mequipment.ro\\\/homepage-m-equipment\\\/contact\\\/#primaryimage\",\"url\":\"https:\\\/\\\/mequipment.ro\\\/wp-content\\\/uploads\\\/2026\\\/02\\\/cropped-Logo-M_APP-512-identitate-site.png\",\"contentUrl\":\"https:\\\/\\\/mequipment.ro\\\/wp-content\\\/uploads\\\/2026\\\/02\\\/cropped-Logo-M_APP-512-identitate-site.png\"},{\"@type\":\"BreadcrumbList\",\"@id\":\"https:\\\/\\\/mequipment.ro\\\/homepage-m-equipment\\\/contact\\\/#breadcrumb\",\"itemListElement\":[{\"@type\":\"ListItem\",\"position\":1,\"name\":\"Prima pagin\u0103\",\"item\":\"https:\\\/\\\/mequipment.ro\\\/\"},{\"@type\":\"ListItem\",\"position\":2,\"name\":\"HOMEPAGE &#8211; M. Equipment\",\"item\":\"https:\\\/\\\/mequipment.ro\\\/\"},{\"@type\":\"ListItem\",\"position\":3,\"name\":\"Contact\"}]},{\"@type\":\"WebSite\",\"@id\":\"https:\\\/\\\/mequipment.ro\\\/#website\",\"url\":\"https:\\\/\\\/mequipment.ro\\\/\",\"name\":\"M. EQUIPMENT\",\"description\":\"News &amp; Media \u2502 Construction, Mining, Forestry\",\"publisher\":{\"@id\":\"https:\\\/\\\/mequipment.ro\\\/#organization\"},\"potentialAction\":[{\"@type\":\"SearchAction\",\"target\":{\"@type\":\"EntryPoint\",\"urlTemplate\":\"https:\\\/\\\/mequipment.ro\\\/?s={search_term_string}\"},\"query-input\":{\"@type\":\"PropertyValueSpecification\",\"valueRequired\":true,\"valueName\":\"search_term_string\"}}],\"inLanguage\":\"en-US\"},{\"@type\":\"Organization\",\"@id\":\"https:\\\/\\\/mequipment.ro\\\/#organization\",\"name\":\"M. Equipment\",\"url\":\"https:\\\/\\\/mequipment.ro\\\/\",\"logo\":{\"@type\":\"ImageObject\",\"inLanguage\":\"en-US\",\"@id\":\"https:\\\/\\\/mequipment.ro\\\/#\\\/schema\\\/logo\\\/image\\\/\",\"url\":\"https:\\\/\\\/mequipment.ro\\\/wp-content\\\/uploads\\\/2025\\\/10\\\/MEQ_512x512-.png\",\"contentUrl\":\"https:\\\/\\\/mequipment.ro\\\/wp-content\\\/uploads\\\/2025\\\/10\\\/MEQ_512x512-.png\",\"width\":512,\"height\":512,\"caption\":\"M. Equipment\"},\"image\":{\"@id\":\"https:\\\/\\\/mequipment.ro\\\/#\\\/schema\\\/logo\\\/image\\\/\"},\"sameAs\":[\"https:\\\/\\\/www.facebook.com\\\/mequipment.ro\\\/\",\"https:\\\/\\\/x.com\\\/MEqOfficial\",\"https:\\\/\\\/www.instagram.com\\\/mequipmentofficial\\\/\",\"https:\\\/\\\/www.linkedin.com\\\/company\\\/m-equipment\\\/?trk=biz-companies-cym\",\"https:\\\/\\\/ro.pinterest.com\\\/mequipment0694\\\/\",\"https:\\\/\\\/www.youtube.com\\\/channel\\\/UCf2OrMoKQCoHfc2CETKHBCA\\\/videos\"]}]}<\/script>\n<!-- \/ Yoast SEO plugin. -->","yoast_head_json":{"title":"Contact - M. Equipment | Latest News in Construction, Mining &amp; Forestry Industry","robots":{"index":"index","follow":"follow","max-snippet":"max-snippet:-1","max-image-preview":"max-image-preview:large","max-video-preview":"max-video-preview:-1"},"canonical":"https:\/\/mequipment.ro\/homepage-m-equipment\/contact\/","og_locale":"en_US","og_type":"article","og_title":"Contact - M. Equipment | Latest News in Construction, Mining &amp; Forestry Industry","og_url":"https:\/\/mequipment.ro\/homepage-m-equipment\/contact\/","og_site_name":"M. Equipment | Latest News in Construction, Mining &amp; Forestry Industry","article_publisher":"https:\/\/www.facebook.com\/mequipment.ro\/","article_modified_time":"2026-02-26T08:39:28+00:00","twitter_card":"summary_large_image","twitter_site":"@MEqOfficial","twitter_misc":{"Est. reading time":"2 minutes"},"schema":{"@context":"https:\/\/schema.org","@graph":[{"@type":"WebPage","@id":"https:\/\/mequipment.ro\/homepage-m-equipment\/contact\/","url":"https:\/\/mequipment.ro\/homepage-m-equipment\/contact\/","name":"Contact - M. Equipment | Latest News in Construction, Mining &amp; Forestry Industry","isPartOf":{"@id":"https:\/\/mequipment.ro\/#website"},"primaryImageOfPage":{"@id":"https:\/\/mequipment.ro\/homepage-m-equipment\/contact\/#primaryimage"},"image":{"@id":"https:\/\/mequipment.ro\/homepage-m-equipment\/contact\/#primaryimage"},"thumbnailUrl":"https:\/\/mequipment.ro\/wp-content\/uploads\/2026\/02\/cropped-Logo-M_APP-512-identitate-site.png","datePublished":"2015-07-10T11:48:53+00:00","dateModified":"2026-02-26T08:39:28+00:00","description":"Contact M Equipment | News & Media Website | Construction, Mining, Forestry, Logistics Solutions, Trucks and Technologies","breadcrumb":{"@id":"https:\/\/mequipment.ro\/homepage-m-equipment\/contact\/#breadcrumb"},"inLanguage":"en-US","potentialAction":[{"@type":"ReadAction","target":["https:\/\/mequipment.ro\/homepage-m-equipment\/contact\/"]}]},{"@type":"ImageObject","inLanguage":"en-US","@id":"https:\/\/mequipment.ro\/homepage-m-equipment\/contact\/#primaryimage","url":"https:\/\/mequipment.ro\/wp-content\/uploads\/2026\/02\/cropped-Logo-M_APP-512-identitate-site.png","contentUrl":"https:\/\/mequipment.ro\/wp-content\/uploads\/2026\/02\/cropped-Logo-M_APP-512-identitate-site.png"},{"@type":"BreadcrumbList","@id":"https:\/\/mequipment.ro\/homepage-m-equipment\/contact\/#breadcrumb","itemListElement":[{"@type":"ListItem","position":1,"name":"Prima pagin\u0103","item":"https:\/\/mequipment.ro\/"},{"@type":"ListItem","position":2,"name":"HOMEPAGE &#8211; M. Equipment","item":"https:\/\/mequipment.ro\/"},{"@type":"ListItem","position":3,"name":"Contact"}]},{"@type":"WebSite","@id":"https:\/\/mequipment.ro\/#website","url":"https:\/\/mequipment.ro\/","name":"M. EQUIPMENT","description":"News &amp; Media \u2502 Construction, Mining, Forestry","publisher":{"@id":"https:\/\/mequipment.ro\/#organization"},"potentialAction":[{"@type":"SearchAction","target":{"@type":"EntryPoint","urlTemplate":"https:\/\/mequipment.ro\/?s={search_term_string}"},"query-input":{"@type":"PropertyValueSpecification","valueRequired":true,"valueName":"search_term_string"}}],"inLanguage":"en-US"},{"@type":"Organization","@id":"https:\/\/mequipment.ro\/#organization","name":"M. Equipment","url":"https:\/\/mequipment.ro\/","logo":{"@type":"ImageObject","inLanguage":"en-US","@id":"https:\/\/mequipment.ro\/#\/schema\/logo\/image\/","url":"https:\/\/mequipment.ro\/wp-content\/uploads\/2025\/10\/MEQ_512x512-.png","contentUrl":"https:\/\/mequipment.ro\/wp-content\/uploads\/2025\/10\/MEQ_512x512-.png","width":512,"height":512,"caption":"M. Equipment"},"image":{"@id":"https:\/\/mequipment.ro\/#\/schema\/logo\/image\/"},"sameAs":["https:\/\/www.facebook.com\/mequipment.ro\/","https:\/\/x.com\/MEqOfficial","https:\/\/www.instagram.com\/mequipmentofficial\/","https:\/\/www.linkedin.com\/company\/m-equipment\/?trk=biz-companies-cym","https:\/\/ro.pinterest.com\/mequipment0694\/","https:\/\/www.youtube.com\/channel\/UCf2OrMoKQCoHfc2CETKHBCA\/videos"]}]}},"_links":{"self":[{"href":"https:\/\/mequipment.ro\/en\/wp-json\/wp\/v2\/pages\/109","targetHints":{"allow":["GET"]}}],"collection":[{"href":"https:\/\/mequipment.ro\/en\/wp-json\/wp\/v2\/pages"}],"about":[{"href":"https:\/\/mequipment.ro\/en\/wp-json\/wp\/v2\/types\/page"}],"author":[{"embeddable":true,"href":"https:\/\/mequipment.ro\/en\/wp-json\/wp\/v2\/users\/1"}],"replies":[{"embeddable":true,"href":"https:\/\/mequipment.ro\/en\/wp-json\/wp\/v2\/comments?post=109"}],"version-history":[{"count":19,"href":"https:\/\/mequipment.ro\/en\/wp-json\/wp\/v2\/pages\/109\/revisions"}],"predecessor-version":[{"id":25822,"href":"https:\/\/mequipment.ro\/en\/wp-json\/wp\/v2\/pages\/109\/revisions\/25822"}],"up":[{"embeddable":true,"href":"https:\/\/mequipment.ro\/en\/wp-json\/wp\/v2\/pages\/37"}],"wp:attachment":[{"href":"https:\/\/mequipment.ro\/en\/wp-json\/wp\/v2\/media?parent=109"}],"curies":[{"name":"wp","href":"https:\/\/api.w.org\/{rel}","templated":true}]}}